{"id":3,"date":"2018-11-22T13:17:04","date_gmt":"2018-11-22T12:17:04","guid":{"rendered":"http:\/\/star-m.nazwa.pl\/hosting\/mediator\/?page_id=3"},"modified":"2025-03-23T17:34:09","modified_gmt":"2025-03-23T16:34:09","slug":"polityka-prywatnosci","status":"publish","type":"page","link":"https:\/\/czasnamediacje.pl\/mediator\/polityka-prywatnosci\/","title":{"rendered":"Mediacje &#8211; polityka prywatno\u015bci"},"content":{"rendered":"\t\t<div data-elementor-type=\"wp-page\" data-elementor-id=\"3\" class=\"elementor elementor-3\">\n\t\t\t\t\t\t<section class=\"elementor-section elementor-top-section elementor-element elementor-element-34bf9bd1 elementor-section-boxed elementor-section-height-default elementor-section-height-default\" data-id=\"34bf9bd1\" data-element_type=\"section\">\n\t\t\t\t\t\t<div class=\"elementor-container elementor-column-gap-default\">\n\t\t\t\t\t<div class=\"elementor-column elementor-col-100 elementor-top-column elementor-element elementor-element-67daf47e\" data-id=\"67daf47e\" data-element_type=\"column\">\n\t\t\t<div class=\"elementor-widget-wrap elementor-element-populated\">\n\t\t\t\t\t\t<div class=\"elementor-element elementor-element-1f69807 elementor-widget elementor-widget-heading\" data-id=\"1f69807\" data-element_type=\"widget\" data-widget_type=\"heading.default\">\n\t\t\t\t<div class=\"elementor-widget-container\">\n\t\t\t\t\t<h3 class=\"elementor-heading-title elementor-size-default\">CZAS NA PRYWATNO\u015a\u0106<\/h3>\t\t\t\t<\/div>\n\t\t\t\t<\/div>\n\t\t\t\t<div class=\"elementor-element elementor-element-a633107 elementor-widget elementor-widget-heading\" data-id=\"a633107\" data-element_type=\"widget\" data-widget_type=\"heading.default\">\n\t\t\t\t<div class=\"elementor-widget-container\">\n\t\t\t\t\t<h2 class=\"elementor-heading-title elementor-size-default\">Polityka prywatno\u015bci serwisu Czas na Mediacje\n<\/h2>\t\t\t\t<\/div>\n\t\t\t\t<\/div>\n\t\t\t\t<div class=\"elementor-element elementor-element-651d6e4f elementor-widget elementor-widget-text-editor\" data-id=\"651d6e4f\" data-element_type=\"widget\" data-widget_type=\"text-editor.default\">\n\t\t\t\t<div class=\"elementor-widget-container\">\n\t\t\t\t\t\t\t\t\t<p class=\"p1\"><b>Polityka prywatno\u015bci<\/b><\/p><p class=\"p2\"><b>1. Informacje og\u00f3lne<\/b><\/p><p class=\"p2\">Operatorem Serwisu czasnamediacje.pl jest w\u0142a\u015bciciel domeny czasnamediacje.pl. . Niniejsza Polityka prywatno\u015bci wyja\u015bnia zasady przetwarzania danych osobowych i ochrony prywatno\u015bci u\u017cytkownik\u00f3w korzystaj\u0105cych z naszej witryny.<\/p><p class=\"p2\">Serwis realizuje funkcje pozyskiwania informacji o u\u017cytkownikach i ich zachowaniach w nast\u0119puj\u0105cy spos\u00f3b:<\/p><ul class=\"ul1\"><li class=\"li2\">poprzez dobrowolnie wprowadzone w formularzach informacje,<\/li><li class=\"li2\">poprzez zapisywanie plik\u00f3w cookie (tzw. \u201eciasteczek\u201d) w urz\u0105dzeniach ko\u0144cowych u\u017cytkownik\u00f3w,<\/li><li class=\"li2\">poprzez rejestrowanie technicznych log\u00f3w na poziomie serwera www, obs\u0142ugiwanego przez czasnamediacje.pl (hosting obs\u0142ugiwany przez home.pl).<\/li><\/ul><p class=\"p2\">Niniejsza Polityka ma charakter informacyjny i nie zast\u0119puje polityki bezpiecze\u0144stwa prowadzonej przez Operatora Serwisu zgodnie z obowi\u0105zuj\u0105cymi przepisami o ochronie danych osobowych. W przypadku danych osobowych, administratorem danych jest Operator Serwisu.<\/p><p class=\"p2\"><b>2. Informacje w formularzach<\/b><\/p><p class=\"p2\">Serwis zbiera informacje, kt\u00f3re u\u017cytkownicy podaj\u0105 dobrowolnie w formularzach. Ponadto, mo\u017ce zapisa\u0107 parametry po\u0142\u0105czenia, takie jak czas, adres IP czy dane dotycz\u0105ce przegl\u0105darki.<\/p><p class=\"p2\">Dane w formularzu s\u0105 przetwarzane wy\u0142\u0105cznie za zgod\u0105 u\u017cytkownika i w celu zwi\u0105zanym z funkcj\u0105 danego formularza (np. obs\u0142uga zg\u0142osze\u0144 serwisowych, kontakt handlowy).<\/p><p class=\"p2\">U\u017cytkownicy maj\u0105 prawo:<\/p><ul class=\"ul1\"><li class=\"li2\">do wgl\u0105du w swoje dane,<\/li><li class=\"li2\">modyfikacji danych,<\/li><li class=\"li2\">\u017c\u0105dania zaprzestania ich przetwarzania.<\/li><\/ul><p class=\"p2\">Brak zgody na przetwarzanie danych mo\u017ce skutkowa\u0107 ograniczeniem dost\u0119pu do niekt\u00f3rych funkcji Serwisu.<\/p><p class=\"p2\"><b>3. Informacje o plikach cookies<\/b><\/p><p class=\"p2\">Serwis korzysta z plik\u00f3w cookie w celu:<\/p><ul class=\"ul1\"><li class=\"li2\">tworzenia statystyk dotycz\u0105cych korzystania z witryny,<\/li><li class=\"li2\">utrzymania sesji zalogowanego u\u017cytkownika,<\/li><li class=\"li2\">zapami\u0119tania koszyka w sklepie internetowym,<\/li><li class=\"li2\">dostosowania tre\u015bci reklamowych do preferencji u\u017cytkownika.<\/li><\/ul><p class=\"p2\">W ramach Serwisu stosowane s\u0105 dwa rodzaje plik\u00f3w cookie:<\/p><ul class=\"ul1\"><li class=\"li2\"><b>sesyjne<\/b> (session cookies) \u2013 przechowywane tymczasowo, do czasu opuszczenia strony lub wy\u0142\u0105czenia przegl\u0105darki,<\/li><li class=\"li2\"><b>sta\u0142e<\/b> (persistent cookies) \u2013 przechowywane przez okre\u015blony czas lub do momentu ich usuni\u0119cia.<\/li><\/ul><p class=\"p2\">U\u017cytkownicy mog\u0105 zarz\u0105dza\u0107 plikami cookie za pomoc\u0105 ustawie\u0144 przegl\u0105darki internetowej. Wy\u0142\u0105czenie niekt\u00f3rych plik\u00f3w cookie mo\u017ce wp\u0142yn\u0105\u0107 na funkcjonalno\u015b\u0107 Serwisu.<\/p><p class=\"p2\"><b>4. Logi serwera<\/b><\/p><p class=\"p2\">Informacje o niekt\u00f3rych dzia\u0142aniach u\u017cytkownik\u00f3w s\u0105 automatycznie zapisywane w logach serwera (np. czas zapytania, adres IP, b\u0142\u0119dy). Dane te s\u0142u\u017c\u0105 wy\u0142\u0105cznie administrowaniu Serwisem i nie s\u0105 kojarzone z konkretnymi osobami.<\/p><p class=\"p2\"><b>5. Udost\u0119pnianie danych<\/b><\/p><p class=\"p2\">Dane u\u017cytkownik\u00f3w mog\u0105 by\u0107 udost\u0119pnione wy\u0142\u0105cznie w granicach prawnie okre\u015blonych:<\/p><ul class=\"ul1\"><li class=\"li2\">za zgod\u0105 u\u017cytkownika,<\/li><li class=\"li2\">na \u017c\u0105danie organ\u00f3w upowa\u017cnionych zgodnie z obowi\u0105zuj\u0105cym prawem.<\/li><\/ul><p class=\"p2\">Operator Serwisu zobowi\u0105zuje si\u0119 do zawarcia um\u00f3w powierzenia przetwarzania danych z podmiotami technicznymi realizuj\u0105cymi niekt\u00f3re us\u0142ugi.<\/p><p class=\"p2\"><b>6. Zarz\u0105dzanie danymi osobowymi i plikami cookies<\/b><\/p><p class=\"p2\">U\u017cytkownik ma prawo decydowa\u0107 o przechowywaniu, przetwarzaniu i usuwaniu swoich danych oraz plik\u00f3w cookie. Instrukcje dotycz\u0105ce zmiany ustawie\u0144 mo\u017cna znale\u017a\u0107 w dokumentacji lub pomocy przegl\u0105darki.<\/p>\t\t\t\t\t\t\t\t<\/div>\n\t\t\t\t<\/div>\n\t\t\t\t\t<\/div>\n\t\t<\/div>\n\t\t\t\t\t<\/div>\n\t\t<\/section>\n\t\t\t\t<\/div>\n\t\t","protected":false},"excerpt":{"rendered":"<p>CZAS NA PRYWATNO\u015a\u0106 Polityka prywatno\u015bci serwisu Czas na Mediacje Polityka prywatno\u015bci 1. Informacje og\u00f3lne Operatorem Serwisu czasnamediacje.pl jest w\u0142a\u015bciciel domeny czasnamediacje.pl. . Niniejsza Polityka prywatno\u015bci wyja\u015bnia zasady przetwarzania danych osobowych i ochrony prywatno\u015bci u\u017cytkownik\u00f3w korzystaj\u0105cych z naszej witryny. Serwis realizuje funkcje pozyskiwania informacji o u\u017cytkownikach i ich zachowaniach w nast\u0119puj\u0105cy spos\u00f3b: poprzez dobrowolnie wprowadzone w [&hellip;]<\/p>\n","protected":false},"author":1,"featured_media":0,"parent":0,"menu_order":0,"comment_status":"closed","ping_status":"closed","template":"","meta":{"om_disable_all_campaigns":false,"_monsterinsights_skip_tracking":false,"_monsterinsights_sitenote_active":false,"_monsterinsights_sitenote_note":"","_monsterinsights_sitenote_category":0,"ocean_post_layout":"","ocean_both_sidebars_style":"","ocean_both_sidebars_content_width":0,"ocean_both_sidebars_sidebars_width":0,"ocean_sidebar":"0","ocean_second_sidebar":"0","ocean_disable_margins":"enable","ocean_add_body_class":"","ocean_shortcode_before_top_bar":"","ocean_shortcode_after_top_bar":"","ocean_shortcode_before_header":"","ocean_shortcode_after_header":"","ocean_has_shortcode":"","ocean_shortcode_after_title":"","ocean_shortcode_before_footer_widgets":"","ocean_shortcode_after_footer_widgets":"","ocean_shortcode_before_footer_bottom":"","ocean_shortcode_after_footer_bottom":"","ocean_display_top_bar":"default","ocean_display_header":"default","ocean_header_style":"","ocean_center_header_left_menu":"0","ocean_custom_header_template":"0","ocean_custom_logo":0,"ocean_custom_retina_logo":0,"ocean_custom_logo_max_width":0,"ocean_custom_logo_tablet_max_width":0,"ocean_custom_logo_mobile_max_width":0,"ocean_custom_logo_max_height":0,"ocean_custom_logo_tablet_max_height":0,"ocean_custom_logo_mobile_max_height":0,"ocean_header_custom_menu":"0","ocean_menu_typo_font_family":"0","ocean_menu_typo_font_subset":"","ocean_menu_typo_font_size":0,"ocean_menu_typo_font_size_tablet":0,"ocean_menu_typo_font_size_mobile":0,"ocean_menu_typo_font_size_unit":"px","ocean_menu_typo_font_weight":"","ocean_menu_typo_font_weight_tablet":"","ocean_menu_typo_font_weight_mobile":"","ocean_menu_typo_transform":"","ocean_menu_typo_transform_tablet":"","ocean_menu_typo_transform_mobile":"","ocean_menu_typo_line_height":0,"ocean_menu_typo_line_height_tablet":0,"ocean_menu_typo_line_height_mobile":0,"ocean_menu_typo_line_height_unit":"","ocean_menu_typo_spacing":0,"ocean_menu_typo_spacing_tablet":0,"ocean_menu_typo_spacing_mobile":0,"ocean_menu_typo_spacing_unit":"","ocean_menu_link_color":"","ocean_menu_link_color_hover":"","ocean_menu_link_color_active":"","ocean_menu_link_background":"","ocean_menu_link_hover_background":"","ocean_menu_link_active_background":"","ocean_menu_social_links_bg":"","ocean_menu_social_hover_links_bg":"","ocean_menu_social_links_color":"","ocean_menu_social_hover_links_color":"","ocean_disable_title":"default","ocean_disable_heading":"default","ocean_post_title":"","ocean_post_subheading":"","ocean_post_title_style":"","ocean_post_title_background_color":"","ocean_post_title_background":0,"ocean_post_title_bg_image_position":"","ocean_post_title_bg_image_attachment":"","ocean_post_title_bg_image_repeat":"","ocean_post_title_bg_image_size":"","ocean_post_title_height":0,"ocean_post_title_bg_overlay":0.5,"ocean_post_title_bg_overlay_color":"","ocean_disable_breadcrumbs":"default","ocean_breadcrumbs_color":"","ocean_breadcrumbs_separator_color":"","ocean_breadcrumbs_links_color":"","ocean_breadcrumbs_links_hover_color":"","ocean_display_footer_widgets":"default","ocean_display_footer_bottom":"default","ocean_custom_footer_template":"0","footnotes":""},"class_list":["post-3","page","type-page","status-publish","hentry","entry"],"aioseo_notices":[],"_links":{"self":[{"href":"https:\/\/czasnamediacje.pl\/mediator\/wp-json\/wp\/v2\/pages\/3","targetHints":{"allow":["GET"]}}],"collection":[{"href":"https:\/\/czasnamediacje.pl\/mediator\/wp-json\/wp\/v2\/pages"}],"about":[{"href":"https:\/\/czasnamediacje.pl\/mediator\/wp-json\/wp\/v2\/types\/page"}],"author":[{"embeddable":true,"href":"https:\/\/czasnamediacje.pl\/mediator\/wp-json\/wp\/v2\/users\/1"}],"replies":[{"embeddable":true,"href":"https:\/\/czasnamediacje.pl\/mediator\/wp-json\/wp\/v2\/comments?post=3"}],"version-history":[{"count":18,"href":"https:\/\/czasnamediacje.pl\/mediator\/wp-json\/wp\/v2\/pages\/3\/revisions"}],"predecessor-version":[{"id":21147,"href":"https:\/\/czasnamediacje.pl\/mediator\/wp-json\/wp\/v2\/pages\/3\/revisions\/21147"}],"wp:attachment":[{"href":"https:\/\/czasnamediacje.pl\/mediator\/wp-json\/wp\/v2\/media?parent=3"}],"curies":[{"name":"wp","href":"https:\/\/api.w.org\/{rel}","templated":true}]}}